{"id":1157,"date":"2024-10-26T10:34:05","date_gmt":"2024-10-26T10:34:05","guid":{"rendered":"https:\/\/joopi.ch\/?page_id=1157"},"modified":"2024-10-31T04:29:09","modified_gmt":"2024-10-31T04:29:09","slug":"langlaufen","status":"publish","type":"page","link":"https:\/\/joopi.ch\/en\/langlaufen\/","title":{"rendered":"cross-country skiing"},"content":{"rendered":"<div data-elementor-type=\"wp-page\" data-elementor-id=\"1157\" class=\"elementor elementor-1157\" data-elementor-post-type=\"page\">\n\t\t\t\t\t\t<section class=\"elementor-section elementor-top-section elementor-element elementor-element-395fddc elementor-section-height-min-height elementor-section-stretched elementor-section-boxed elementor-section-height-default elementor-section-items-middle\" data-id=\"395fddc\" data-element_type=\"section\" data-settings=\"{&quot;stretch_section&quot;:&quot;section-stretched&quot;,&quot;background_background&quot;:&quot;classic&quot;}\">\n\t\t\t\t\t\t\t<div class=\"elementor-background-overlay\"><\/div>\n\t\t\t\t\t\t\t<div class=\"elementor-container elementor-column-gap-no\">\n\t\t\t\t\t<div class=\"elementor-column elementor-col-100 elementor-top-column elementor-element elementor-element-15a192f\" data-id=\"15a192f\" data-element_type=\"column\">\n\t\t\t<div class=\"elementor-widget-wrap elementor-element-populated\">\n\t\t\t\t\t\t<div class=\"elementor-element elementor-element-d129d7f elementor-widget elementor-widget-heading\" data-id=\"d129d7f\" data-element_type=\"widget\" data-widget_type=\"heading.default\">\n\t\t\t\t<div class=\"elementor-widget-container\">\n\t\t\t\t\t<h2 class=\"elementor-heading-title elementor-size-default\">cross-country skiing<\/h2>\t\t\t\t<\/div>\n\t\t\t\t<\/div>\n\t\t\t\t\t<\/div>\n\t\t<\/div>\n\t\t\t\t\t<\/div>\n\t\t<\/section>\n\t\t\t\t<section class=\"elementor-section elementor-top-section elementor-element elementor-element-2523564 elementor-section-stretched elementor-section-boxed elementor-section-height-default elementor-section-height-default\" data-id=\"2523564\" data-element_type=\"section\" data-settings=\"{&quot;stretch_section&quot;:&quot;section-stretched&quot;}\">\n\t\t\t\t\t\t<div class=\"elementor-container elementor-column-gap-no\">\n\t\t\t\t\t<div class=\"elementor-column elementor-col-50 elementor-top-column elementor-element elementor-element-0a1d37f animated-slow elementor-invisible\" data-id=\"0a1d37f\" data-element_type=\"column\" data-settings=\"{&quot;animation&quot;:&quot;fadeInLeft&quot;}\">\n\t\t\t<div class=\"elementor-widget-wrap elementor-element-populated\">\n\t\t\t\t\t\t<div class=\"elementor-element elementor-element-2043001 elementor-widget elementor-widget-image\" data-id=\"2043001\" data-element_type=\"widget\" data-widget_type=\"image.default\">\n\t\t\t\t<div class=\"elementor-widget-container\">\n\t\t\t\t\t\t\t\t\t\t\t\t\t\t\t<img fetchpriority=\"high\" decoding=\"async\" width=\"2560\" height=\"1605\" src=\"https:\/\/joopi.ch\/wp-content\/uploads\/2024\/10\/fotograf_christianpfammatter_33_.jpg\" class=\"attachment-full size-full wp-image-1255\" alt=\"\" srcset=\"https:\/\/joopi.ch\/wp-content\/uploads\/2024\/10\/fotograf_christianpfammatter_33_.jpg 2560w, https:\/\/joopi.ch\/wp-content\/uploads\/2024\/10\/fotograf_christianpfammatter_33_-300x188.jpg 300w, https:\/\/joopi.ch\/wp-content\/uploads\/2024\/10\/fotograf_christianpfammatter_33_-1024x642.jpg 1024w, https:\/\/joopi.ch\/wp-content\/uploads\/2024\/10\/fotograf_christianpfammatter_33_-768x482.jpg 768w, https:\/\/joopi.ch\/wp-content\/uploads\/2024\/10\/fotograf_christianpfammatter_33_-1536x963.jpg 1536w, https:\/\/joopi.ch\/wp-content\/uploads\/2024\/10\/fotograf_christianpfammatter_33_-2048x1284.jpg 2048w, https:\/\/joopi.ch\/wp-content\/uploads\/2024\/10\/fotograf_christianpfammatter_33_-18x12.jpg 18w\" sizes=\"(max-width: 2560px) 100vw, 2560px\" \/>\t\t\t\t\t\t\t\t\t\t\t\t\t\t\t<\/div>\n\t\t\t\t<\/div>\n\t\t\t\t\t<\/div>\n\t\t<\/div>\n\t\t\t\t<div class=\"elementor-column elementor-col-50 elementor-top-column elementor-element elementor-element-21d9121 animated-slow elementor-invisible\" data-id=\"21d9121\" data-element_type=\"column\" data-settings=\"{&quot;animation&quot;:&quot;fadeInRight&quot;}\">\n\t\t\t<div class=\"elementor-widget-wrap elementor-element-populated\">\n\t\t\t\t\t\t<div class=\"elementor-element elementor-element-a427054 animated-slow elementor-invisible elementor-widget elementor-widget-heading\" data-id=\"a427054\" data-element_type=\"widget\" data-settings=\"{&quot;_animation&quot;:&quot;fadeIn&quot;}\" data-widget_type=\"heading.default\">\n\t\t\t\t<div class=\"elementor-widget-container\">\n\t\t\t\t\t<h2 class=\"elementor-heading-title elementor-size-default\">Cross-country skiing in Goms\n<\/h2>\t\t\t\t<\/div>\n\t\t\t\t<\/div>\n\t\t\t\t<div class=\"elementor-element elementor-element-f419f0e animated-slow elementor-invisible elementor-widget elementor-widget-text-editor\" data-id=\"f419f0e\" data-element_type=\"widget\" data-settings=\"{&quot;_animation&quot;:&quot;fadeIn&quot;}\" data-widget_type=\"text-editor.default\">\n\t\t\t\t<div class=\"elementor-widget-container\">\n\t\t\t\t\t\t\t\t\tGoms is the most popular area for cross-country skiing in Switzerland. There are a number of excellently groomed trails for a relaxed ski trip or for those with a more athletic approach. And some of them start almost on the doorstep of the Joopi or pass right by. Experience your cross-country skiing adventure here in a breathtakingly beautiful winter landscape!\n\n\t\t\t\t\t\t\t\t<\/div>\n\t\t\t\t<\/div>\n\t\t\t\t<div class=\"elementor-element elementor-element-b7e3b3c animated-slow elementor-tablet-align-center elementor-invisible elementor-widget elementor-widget-button\" data-id=\"b7e3b3c\" data-element_type=\"widget\" data-settings=\"{&quot;_animation&quot;:&quot;fadeInUp&quot;}\" data-widget_type=\"button.default\">\n\t\t\t\t<div class=\"elementor-widget-container\">\n\t\t\t\t\t\t\t\t\t<div class=\"elementor-button-wrapper\">\n\t\t\t\t\t<a class=\"elementor-button elementor-button-link elementor-size-sm\" href=\"https:\/\/joopi.ch\/en\/aktivitaten\/\">\n\t\t\t\t\t\t<span class=\"elementor-button-content-wrapper\">\n\t\t\t\t\t\t\t\t\t<span class=\"elementor-button-text\">All activities<\/span>\n\t\t\t\t\t<\/span>\n\t\t\t\t\t<\/a>\n\t\t\t\t<\/div>\n\t\t\t\t\t\t\t\t<\/div>\n\t\t\t\t<\/div>\n\t\t\t\t\t<\/div>\n\t\t<\/div>\n\t\t\t\t\t<\/div>\n\t\t<\/section>\n\t\t\t\t<section class=\"elementor-section elementor-top-section elementor-element elementor-element-99123de elementor-section-stretched elementor-section-boxed elementor-section-height-default elementor-section-height-default\" data-id=\"99123de\" data-element_type=\"section\" data-settings=\"{&quot;stretch_section&quot;:&quot;section-stretched&quot;,&quot;background_background&quot;:&quot;classic&quot;}\">\n\t\t\t\t\t\t<div class=\"elementor-container elementor-column-gap-no\">\n\t\t\t\t\t<div class=\"elementor-column elementor-col-100 elementor-top-column elementor-element elementor-element-2b28f67\" data-id=\"2b28f67\" data-element_type=\"column\">\n\t\t\t<div class=\"elementor-widget-wrap elementor-element-populated\">\n\t\t\t\t\t\t<div class=\"elementor-element elementor-element-be7caa1 animated-slow elementor-invisible elementor-widget elementor-widget-heading\" data-id=\"be7caa1\" data-element_type=\"widget\" data-settings=\"{&quot;_animation&quot;:&quot;fadeIn&quot;}\" data-widget_type=\"heading.default\">\n\t\t\t\t<div class=\"elementor-widget-container\">\n\t\t\t\t\t<h2 class=\"elementor-heading-title elementor-size-default\">Activities around Goms\n\n\n<\/h2>\t\t\t\t<\/div>\n\t\t\t\t<\/div>\n\t\t\t\t<div class=\"elementor-element elementor-element-de6c489 elementor-grid-3 elementor-grid-tablet-2 elementor-grid-mobile-1 elementor-posts--thumbnail-top elementor-card-shadow-yes elementor-posts__hover-gradient elementor-widget elementor-widget-posts\" data-id=\"de6c489\" data-element_type=\"widget\" data-settings=\"{&quot;cards_row_gap_tablet&quot;:{&quot;unit&quot;:&quot;px&quot;,&quot;size&quot;:25,&quot;sizes&quot;:[]},&quot;cards_row_gap_mobile&quot;:{&quot;unit&quot;:&quot;px&quot;,&quot;size&quot;:20,&quot;sizes&quot;:[]},&quot;pagination_type&quot;:&quot;numbers&quot;,&quot;cards_columns&quot;:&quot;3&quot;,&quot;cards_columns_tablet&quot;:&quot;2&quot;,&quot;cards_columns_mobile&quot;:&quot;1&quot;,&quot;cards_row_gap&quot;:{&quot;unit&quot;:&quot;px&quot;,&quot;size&quot;:35,&quot;sizes&quot;:[]}}\" data-widget_type=\"posts.cards\">\n\t\t\t\t<div class=\"elementor-widget-container\">\n\t\t\t\t\t\t\t<div class=\"elementor-posts-container elementor-posts elementor-posts--skin-cards elementor-grid\">\n\t\t\t\t<article class=\"elementor-post elementor-grid-item post-2647 post type-post status-publish format-standard has-post-thumbnail hentry category-aktivitaeten-rund-um-goms category-uncategorized\">\n\t\t\t<div class=\"elementor-post__card\">\n\t\t\t\t<a class=\"elementor-post__thumbnail__link\" href=\"https:\/\/joopi.ch\/en\/ein-winterparadies-im-herzen-der-schweiz\/\" tabindex=\"-1\" ><div class=\"elementor-post__thumbnail\"><img decoding=\"async\" width=\"2560\" height=\"1707\" src=\"https:\/\/joopi.ch\/wp-content\/uploads\/2024\/10\/Fotograf_Christian-Pfammatter-79.jpg\" class=\"attachment-full size-full wp-image-1184\" alt=\"\" srcset=\"https:\/\/joopi.ch\/wp-content\/uploads\/2024\/10\/Fotograf_Christian-Pfammatter-79.jpg 2560w, https:\/\/joopi.ch\/wp-content\/uploads\/2024\/10\/Fotograf_Christian-Pfammatter-79-300x200.jpg 300w, https:\/\/joopi.ch\/wp-content\/uploads\/2024\/10\/Fotograf_Christian-Pfammatter-79-1024x683.jpg 1024w, https:\/\/joopi.ch\/wp-content\/uploads\/2024\/10\/Fotograf_Christian-Pfammatter-79-768x512.jpg 768w, https:\/\/joopi.ch\/wp-content\/uploads\/2024\/10\/Fotograf_Christian-Pfammatter-79-1536x1024.jpg 1536w, https:\/\/joopi.ch\/wp-content\/uploads\/2024\/10\/Fotograf_Christian-Pfammatter-79-2048x1366.jpg 2048w, https:\/\/joopi.ch\/wp-content\/uploads\/2024\/10\/Fotograf_Christian-Pfammatter-79-18x12.jpg 18w\" sizes=\"(max-width: 2560px) 100vw, 2560px\" \/><\/div><\/a>\n\t\t\t\t<div class=\"elementor-post__text\">\n\t\t\t\t<h3 class=\"elementor-post__title\">\n\t\t\t<a href=\"https:\/\/joopi.ch\/en\/ein-winterparadies-im-herzen-der-schweiz\/\" >\n\t\t\t\tEin Winterparadies im Herzen der Schweiz\t\t\t<\/a>\n\t\t<\/h3>\n\t\t\t\t<div class=\"elementor-post__excerpt\">\n\t\t\t<p>As the winter chill sets in, there\u2019s no better way to unwind and stay cozy than with a relaxing massage. This season, we\u2019re thrilled to\t\t<\/div>\n\t\t\n\t\t<a class=\"elementor-post__read-more\" href=\"https:\/\/joopi.ch\/en\/ein-winterparadies-im-herzen-der-schweiz\/\" aria-label=\"Read more about Ein Winterparadies im Herzen der Schweiz\" tabindex=\"-1\" >\n\t\t\tRead More \u00bb\t\t<\/a>\n\n\t\t\t\t<\/div>\n\t\t\t\t<div class=\"elementor-post__meta-data\">\n\t\t\t\t\t<span class=\"elementor-post-date\">\n\t\t\tNovember 17, 2024\t\t<\/span>\n\t\t\t\t<span class=\"elementor-post-avatar\">\n\t\t\tNo Comments\t\t<\/span>\n\t\t\t\t<\/div>\n\t\t\t\t\t<\/div>\n\t\t<\/article>\n\t\t\t\t<article class=\"elementor-post elementor-grid-item post-1360 post type-post status-publish format-standard has-post-thumbnail hentry category-aktivitaeten-rund-um-goms category-uncategorized\">\n\t\t\t<div class=\"elementor-post__card\">\n\t\t\t\t<a class=\"elementor-post__thumbnail__link\" href=\"https:\/\/joopi.ch\/en\/diesen-winter-bieten-wir-massagen-zum-preis-von-xy-euro-an\/\" tabindex=\"-1\" ><div class=\"elementor-post__thumbnail\"><img fetchpriority=\"high\" decoding=\"async\" width=\"2560\" height=\"1605\" src=\"https:\/\/joopi.ch\/wp-content\/uploads\/2024\/10\/fotograf_christianpfammatter_33_.jpg\" class=\"attachment-full size-full wp-image-1255\" alt=\"\" srcset=\"https:\/\/joopi.ch\/wp-content\/uploads\/2024\/10\/fotograf_christianpfammatter_33_.jpg 2560w, https:\/\/joopi.ch\/wp-content\/uploads\/2024\/10\/fotograf_christianpfammatter_33_-300x188.jpg 300w, https:\/\/joopi.ch\/wp-content\/uploads\/2024\/10\/fotograf_christianpfammatter_33_-1024x642.jpg 1024w, https:\/\/joopi.ch\/wp-content\/uploads\/2024\/10\/fotograf_christianpfammatter_33_-768x482.jpg 768w, https:\/\/joopi.ch\/wp-content\/uploads\/2024\/10\/fotograf_christianpfammatter_33_-1536x963.jpg 1536w, https:\/\/joopi.ch\/wp-content\/uploads\/2024\/10\/fotograf_christianpfammatter_33_-2048x1284.jpg 2048w, https:\/\/joopi.ch\/wp-content\/uploads\/2024\/10\/fotograf_christianpfammatter_33_-18x12.jpg 18w\" sizes=\"(max-width: 2560px) 100vw, 2560px\" \/><\/div><\/a>\n\t\t\t\t<div class=\"elementor-post__text\">\n\t\t\t\t<h3 class=\"elementor-post__title\">\n\t\t\t<a href=\"https:\/\/joopi.ch\/en\/diesen-winter-bieten-wir-massagen-zum-preis-von-xy-euro-an\/\" >\n\t\t\t\tDiesen Winter das beste vom Besten erleben\t\t\t<\/a>\n\t\t<\/h3>\n\t\t\t\t<div class=\"elementor-post__excerpt\">\n\t\t\t<p>As the winter chill sets in, there\u2019s no better way to unwind and stay cozy than with a relaxing massage. This season, we\u2019re thrilled to\t\t<\/div>\n\t\t\n\t\t<a class=\"elementor-post__read-more\" href=\"https:\/\/joopi.ch\/en\/diesen-winter-bieten-wir-massagen-zum-preis-von-xy-euro-an\/\" aria-label=\"Read more about Diesen Winter das beste vom Besten erleben\" tabindex=\"-1\" >\n\t\t\tRead More \u00bb\t\t<\/a>\n\n\t\t\t\t<\/div>\n\t\t\t\t<div class=\"elementor-post__meta-data\">\n\t\t\t\t\t<span class=\"elementor-post-date\">\n\t\t\tOctober 26, 2024\t\t<\/span>\n\t\t\t\t<span class=\"elementor-post-avatar\">\n\t\t\tNo Comments\t\t<\/span>\n\t\t\t\t<\/div>\n\t\t\t\t\t<\/div>\n\t\t<\/article>\n\t\t\t\t<article class=\"elementor-post elementor-grid-item post-2552 post type-post status-publish format-standard has-post-thumbnail hentry category-aktivitaeten-rund-um-goms\">\n\t\t\t<div class=\"elementor-post__card\">\n\t\t\t\t<a class=\"elementor-post__thumbnail__link\" href=\"https:\/\/joopi.ch\/en\/langlaufen1\/\" tabindex=\"-1\" ><div class=\"elementor-post__thumbnail\"><img decoding=\"async\" width=\"1024\" height=\"641\" src=\"https:\/\/joopi.ch\/wp-content\/uploads\/2024\/10\/langlauf.jpg\" class=\"attachment-full size-full wp-image-2727\" alt=\"\" srcset=\"https:\/\/joopi.ch\/wp-content\/uploads\/2024\/10\/langlauf.jpg 1024w, https:\/\/joopi.ch\/wp-content\/uploads\/2024\/10\/langlauf-300x188.jpg 300w, https:\/\/joopi.ch\/wp-content\/uploads\/2024\/10\/langlauf-768x481.jpg 768w, https:\/\/joopi.ch\/wp-content\/uploads\/2024\/10\/langlauf-18x12.jpg 18w\" sizes=\"(max-width: 1024px) 100vw, 1024px\" \/><\/div><\/a>\n\t\t\t\t<div class=\"elementor-post__text\">\n\t\t\t\t<h3 class=\"elementor-post__title\">\n\t\t\t<a href=\"https:\/\/joopi.ch\/en\/langlaufen1\/\" >\n\t\t\t\tcross-country skiing\t\t\t<\/a>\n\t\t<\/h3>\n\t\t\t\t<div class=\"elementor-post__excerpt\">\n\t\t\t<p>Das Goms ist in der Schweiz das beliebteste Gebiet f\u00fcr den Skilanglauf \u00fcberhaupt. F\u00fcr den entspannten Ausflug mit Ski oder f\u00fcr den sportlichen Anspruch bieten\t\t<\/div>\n\t\t\n\t\t<a class=\"elementor-post__read-more\" href=\"https:\/\/joopi.ch\/en\/langlaufen1\/\" aria-label=\"Read more about Langlaufen\" tabindex=\"-1\" >\n\t\t\tRead More \u00bb\t\t<\/a>\n\n\t\t\t\t<\/div>\n\t\t\t\t<div class=\"elementor-post__meta-data\">\n\t\t\t\t\t<span class=\"elementor-post-date\">\n\t\t\tOctober 16, 2024\t\t<\/span>\n\t\t\t\t<span class=\"elementor-post-avatar\">\n\t\t\tNo Comments\t\t<\/span>\n\t\t\t\t<\/div>\n\t\t\t\t\t<\/div>\n\t\t<\/article>\n\t\t\t\t<article class=\"elementor-post elementor-grid-item post-2538 post type-post status-publish format-standard has-post-thumbnail hentry category-aktivitaeten-rund-um-goms\">\n\t\t\t<div class=\"elementor-post__card\">\n\t\t\t\t<a class=\"elementor-post__thumbnail__link\" href=\"https:\/\/joopi.ch\/en\/schwimmen1\/\" tabindex=\"-1\" ><div class=\"elementor-post__thumbnail\"><img loading=\"lazy\" decoding=\"async\" width=\"1024\" height=\"681\" src=\"https:\/\/joopi.ch\/wp-content\/uploads\/2024\/10\/Screenshot_8-1.png\" class=\"attachment-full size-full wp-image-1323\" alt=\"\" srcset=\"https:\/\/joopi.ch\/wp-content\/uploads\/2024\/10\/Screenshot_8-1.png 1024w, https:\/\/joopi.ch\/wp-content\/uploads\/2024\/10\/Screenshot_8-1-300x200.png 300w, https:\/\/joopi.ch\/wp-content\/uploads\/2024\/10\/Screenshot_8-1-768x511.png 768w, https:\/\/joopi.ch\/wp-content\/uploads\/2024\/10\/Screenshot_8-1-18x12.png 18w\" sizes=\"(max-width: 1024px) 100vw, 1024px\" \/><\/div><\/a>\n\t\t\t\t<div class=\"elementor-post__text\">\n\t\t\t\t<h3 class=\"elementor-post__title\">\n\t\t\t<a href=\"https:\/\/joopi.ch\/en\/schwimmen1\/\" >\n\t\t\t\tTo swim\t\t\t<\/a>\n\t\t<\/h3>\n\t\t\t\t<div class=\"elementor-post__excerpt\">\n\t\t\t<p>Nur f\u00fcnf Autominuten vom Hotel Joopi entfernt findest du \u201enei Ulrichen\u201c einen beliebten Baggersee. Dieser l\u00e4dt im Sommer nicht nur zum Baden, Schwimmen und Planschen\t\t<\/div>\n\t\t\n\t\t<a class=\"elementor-post__read-more\" href=\"https:\/\/joopi.ch\/en\/schwimmen1\/\" aria-label=\"Read more about Schwimmen\" tabindex=\"-1\" >\n\t\t\tRead More \u00bb\t\t<\/a>\n\n\t\t\t\t<\/div>\n\t\t\t\t<div class=\"elementor-post__meta-data\">\n\t\t\t\t\t<span class=\"elementor-post-date\">\n\t\t\tOctober 12, 2024\t\t<\/span>\n\t\t\t\t<span class=\"elementor-post-avatar\">\n\t\t\tNo Comments\t\t<\/span>\n\t\t\t\t<\/div>\n\t\t\t\t\t<\/div>\n\t\t<\/article>\n\t\t\t\t<article class=\"elementor-post elementor-grid-item post-2536 post type-post status-publish format-standard has-post-thumbnail hentry category-aktivitaeten-rund-um-goms\">\n\t\t\t<div class=\"elementor-post__card\">\n\t\t\t\t<a class=\"elementor-post__thumbnail__link\" href=\"https:\/\/joopi.ch\/en\/biken1\/\" tabindex=\"-1\" ><div class=\"elementor-post__thumbnail\"><img loading=\"lazy\" decoding=\"async\" width=\"400\" height=\"250\" src=\"https:\/\/joopi.ch\/wp-content\/uploads\/2024\/10\/Bike_copyright@perretfoto.ch_OTAG-219-400x250-1.jpg\" class=\"attachment-full size-full wp-image-2150\" alt=\"\" srcset=\"https:\/\/joopi.ch\/wp-content\/uploads\/2024\/10\/Bike_copyright@perretfoto.ch_OTAG-219-400x250-1.jpg 400w, https:\/\/joopi.ch\/wp-content\/uploads\/2024\/10\/Bike_copyright@perretfoto.ch_OTAG-219-400x250-1-300x188.jpg 300w, https:\/\/joopi.ch\/wp-content\/uploads\/2024\/10\/Bike_copyright@perretfoto.ch_OTAG-219-400x250-1-18x12.jpg 18w\" sizes=\"(max-width: 400px) 100vw, 400px\" \/><\/div><\/a>\n\t\t\t\t<div class=\"elementor-post__text\">\n\t\t\t\t<h3 class=\"elementor-post__title\">\n\t\t\t<a href=\"https:\/\/joopi.ch\/en\/biken1\/\" >\n\t\t\t\tbiking\t\t\t<\/a>\n\t\t<\/h3>\n\t\t\t\t<div class=\"elementor-post__excerpt\">\n\t\t\t<p>Wo sich im Winter kilometerlange Loipen f\u00fcr den Skilanglauf ausbreiten, begegnest du im Sommer den sch\u00f6nsten Wegen zum Biken im Goms. Ob lange Ausfl\u00fcge auf\t\t<\/div>\n\t\t\n\t\t<a class=\"elementor-post__read-more\" href=\"https:\/\/joopi.ch\/en\/biken1\/\" aria-label=\"Read more about Biken\" tabindex=\"-1\" >\n\t\t\tRead More \u00bb\t\t<\/a>\n\n\t\t\t\t<\/div>\n\t\t\t\t<div class=\"elementor-post__meta-data\">\n\t\t\t\t\t<span class=\"elementor-post-date\">\n\t\t\tOctober 12, 2024\t\t<\/span>\n\t\t\t\t<span class=\"elementor-post-avatar\">\n\t\t\tNo Comments\t\t<\/span>\n\t\t\t\t<\/div>\n\t\t\t\t\t<\/div>\n\t\t<\/article>\n\t\t\t\t<article class=\"elementor-post elementor-grid-item post-2534 post type-post status-publish format-standard has-post-thumbnail hentry category-aktivitaeten-rund-um-goms\">\n\t\t\t<div class=\"elementor-post__card\">\n\t\t\t\t<a class=\"elementor-post__thumbnail__link\" href=\"https:\/\/joopi.ch\/en\/motorrad-fahren1\/\" tabindex=\"-1\" ><div class=\"elementor-post__thumbnail\"><img loading=\"lazy\" decoding=\"async\" width=\"1025\" height=\"647\" src=\"https:\/\/joopi.ch\/wp-content\/uploads\/2024\/10\/Screenshot_10.png\" class=\"attachment-full size-full wp-image-1334\" alt=\"\" srcset=\"https:\/\/joopi.ch\/wp-content\/uploads\/2024\/10\/Screenshot_10.png 1025w, https:\/\/joopi.ch\/wp-content\/uploads\/2024\/10\/Screenshot_10-300x189.png 300w, https:\/\/joopi.ch\/wp-content\/uploads\/2024\/10\/Screenshot_10-768x485.png 768w, https:\/\/joopi.ch\/wp-content\/uploads\/2024\/10\/Screenshot_10-18x12.png 18w\" sizes=\"(max-width: 1025px) 100vw, 1025px\" \/><\/div><\/a>\n\t\t\t\t<div class=\"elementor-post__text\">\n\t\t\t\t<h3 class=\"elementor-post__title\">\n\t\t\t<a href=\"https:\/\/joopi.ch\/en\/motorrad-fahren1\/\" >\n\t\t\t\tmotorcycling\t\t\t<\/a>\n\t\t<\/h3>\n\t\t\t\t<div class=\"elementor-post__excerpt\">\n\t\t\t<p>Wo sich im Winter kilometerlange Loipen f\u00fcr den Skilanglauf ausbreiten, begegnest du im Sommer den sch\u00f6nsten Wegen zum Biken im Goms. Ob lange Ausfl\u00fcge auf\t\t<\/div>\n\t\t\n\t\t<a class=\"elementor-post__read-more\" href=\"https:\/\/joopi.ch\/en\/motorrad-fahren1\/\" aria-label=\"Read more about Motorrad fahren\" tabindex=\"-1\" >\n\t\t\tRead More \u00bb\t\t<\/a>\n\n\t\t\t\t<\/div>\n\t\t\t\t<div class=\"elementor-post__meta-data\">\n\t\t\t\t\t<span class=\"elementor-post-date\">\n\t\t\tOctober 12, 2024\t\t<\/span>\n\t\t\t\t<span class=\"elementor-post-avatar\">\n\t\t\tNo Comments\t\t<\/span>\n\t\t\t\t<\/div>\n\t\t\t\t\t<\/div>\n\t\t<\/article>\n\t\t\t\t<\/div>\n\t\t\n\t\t\t\t<div class=\"e-load-more-anchor\" data-page=\"1\" data-max-page=\"2\" data-next-page=\"https:\/\/joopi.ch\/en\/wp-json\/wp\/v2\/pages\/1157\/page\/2\/\"><\/div>\n\t\t\t\t<nav class=\"elementor-pagination\" aria-label=\"Pagination\">\n\t\t\t<span aria-current=\"page\" class=\"page-numbers current\"><span class=\"elementor-screen-only\">Page<\/span>1<\/span>\n<a class=\"page-numbers\" href=\"https:\/\/joopi.ch\/en\/wp-json\/wp\/v2\/pages\/1157\/page\/2\/\"><span class=\"elementor-screen-only\">Page<\/span>2<\/a>\t\t<\/nav>\n\t\t\t\t\t\t<\/div>\n\t\t\t\t<\/div>\n\t\t\t\t\t<\/div>\n\t\t<\/div>\n\t\t\t\t\t<\/div>\n\t\t<\/section>\n\t\t\t\t<\/div>","protected":false},"excerpt":{"rendered":"<p>Langlaufen Langlaufen im Goms Das Goms ist in der Schweiz das beliebteste Gebiet f\u00fcr den Skilanglauf \u00fcberhaupt. F\u00fcr den entspannten [&hellip;]<\/p>","protected":false},"author":2,"featured_media":0,"parent":0,"menu_order":0,"comment_status":"closed","ping_status":"closed","template":"elementor_header_footer","meta":{"site-sidebar-layout":"no-sidebar","site-content-layout":"","ast-site-content-layout":"full-width-container","site-content-style":"default","site-sidebar-style":"default","ast-global-header-display":"","ast-banner-title-visibility":"","ast-main-header-display":"","ast-hfb-above-header-display":"","ast-hfb-below-header-display":"","ast-hfb-mobile-header-display":"","site-post-title":"disabled","ast-breadcrumbs-content":"","ast-featured-img":"disabled","footer-sml-layout":"","theme-transparent-header-meta":"","adv-header-id-meta":"","stick-header-meta":"","header-above-stick-meta":"","header-main-stick-meta":"","header-below-stick-meta":"","astra-migrate-meta-layouts":"default","ast-page-background-enabled":"default","ast-page-background-meta":{"desktop":{"background-color":"var(--ast-global-color-4)","background-image":"","background-repeat":"repeat","background-position":"center center","background-size":"auto","background-attachment":"scroll","background-type":"","background-media":"","overlay-type":"","overlay-color":"","overlay-opacity":"","overlay-gradient":""},"tablet":{"background-color":"","background-image":"","background-repeat":"repeat","background-position":"center center","background-size":"auto","background-attachment":"scroll","background-type":"","background-media":"","overlay-type":"","overlay-color":"","overlay-opacity":"","overlay-gradient":""},"mobile":{"background-color":"","background-image":"","background-repeat":"repeat","background-position":"center center","background-size":"auto","background-attachment":"scroll","background-type":"","background-media":"","overlay-type":"","overlay-color":"","overlay-opacity":"","overlay-gradient":""}},"ast-content-background-meta":{"desktop":{"background-color":"var(--ast-global-color-5)","background-image":"","background-repeat":"repeat","background-position":"center center","background-size":"auto","background-attachment":"scroll","background-type":"","background-media":"","overlay-type":"","overlay-color":"","overlay-opacity":"","overlay-gradient":""},"tablet":{"background-color":"var(--ast-global-color-5)","background-image":"","background-repeat":"repeat","background-position":"center center","background-size":"auto","background-attachment":"scroll","background-type":"","background-media":"","overlay-type":"","overlay-color":"","overlay-opacity":"","overlay-gradient":""},"mobile":{"background-color":"var(--ast-global-color-5)","background-image":"","background-repeat":"repeat","background-position":"center center","background-size":"auto","background-attachment":"scroll","background-type":"","background-media":"","overlay-type":"","overlay-color":"","overlay-opacity":"","overlay-gradient":""}},"footnotes":""},"class_list":["post-1157","page","type-page","status-publish","hentry"],"_links":{"self":[{"href":"https:\/\/joopi.ch\/en\/wp-json\/wp\/v2\/pages\/1157","targetHints":{"allow":["GET"]}}],"collection":[{"href":"https:\/\/joopi.ch\/en\/wp-json\/wp\/v2\/pages"}],"about":[{"href":"https:\/\/joopi.ch\/en\/wp-json\/wp\/v2\/types\/page"}],"author":[{"embeddable":true,"href":"https:\/\/joopi.ch\/en\/wp-json\/wp\/v2\/users\/2"}],"replies":[{"embeddable":true,"href":"https:\/\/joopi.ch\/en\/wp-json\/wp\/v2\/comments?post=1157"}],"version-history":[{"count":13,"href":"https:\/\/joopi.ch\/en\/wp-json\/wp\/v2\/pages\/1157\/revisions"}],"predecessor-version":[{"id":2601,"href":"https:\/\/joopi.ch\/en\/wp-json\/wp\/v2\/pages\/1157\/revisions\/2601"}],"wp:attachment":[{"href":"https:\/\/joopi.ch\/en\/wp-json\/wp\/v2\/media?parent=1157"}],"curies":[{"name":"wp","href":"https:\/\/api.w.org\/{rel}","templated":true}]}}