{"id":27,"date":"2024-10-24T06:37:12","date_gmt":"2024-10-24T06:37:12","guid":{"rendered":"https:\/\/joopi.ch\/?page_id=27"},"modified":"2024-11-09T02:53:02","modified_gmt":"2024-11-09T02:53:02","slug":"impressum","status":"publish","type":"page","link":"https:\/\/joopi.ch\/en\/impressum\/","title":{"rendered":"imprint"},"content":{"rendered":"<div data-elementor-type=\"wp-page\" data-elementor-id=\"27\" class=\"elementor elementor-27\" data-elementor-post-type=\"page\">\n\t\t\t\t\t\t<section class=\"elementor-section elementor-top-section elementor-element elementor-element-64472c2 elementor-section-height-min-height elementor-section-stretched elementor-section-boxed elementor-section-height-default elementor-section-items-middle\" data-id=\"64472c2\" data-element_type=\"section\" data-settings=\"{&quot;stretch_section&quot;:&quot;section-stretched&quot;,&quot;background_background&quot;:&quot;classic&quot;}\">\n\t\t\t\t\t\t\t<div class=\"elementor-background-overlay\"><\/div>\n\t\t\t\t\t\t\t<div class=\"elementor-container elementor-column-gap-no\">\n\t\t\t\t\t<div class=\"elementor-column elementor-col-100 elementor-top-column elementor-element elementor-element-a48dfa9\" data-id=\"a48dfa9\" data-element_type=\"column\">\n\t\t\t<div class=\"elementor-widget-wrap elementor-element-populated\">\n\t\t\t\t\t\t<div class=\"elementor-element elementor-element-f658506 elementor-widget elementor-widget-heading\" data-id=\"f658506\" data-element_type=\"widget\" data-widget_type=\"heading.default\">\n\t\t\t\t<div class=\"elementor-widget-container\">\n\t\t\t\t\t<h2 class=\"elementor-heading-title elementor-size-default\">imprint<\/h2>\t\t\t\t<\/div>\n\t\t\t\t<\/div>\n\t\t\t\t\t<\/div>\n\t\t<\/div>\n\t\t\t\t\t<\/div>\n\t\t<\/section>\n\t\t\t\t<section class=\"elementor-section elementor-top-section elementor-element elementor-element-c86d65e elementor-section-stretched elementor-section-boxed elementor-section-height-default elementor-section-height-default\" data-id=\"c86d65e\" data-element_type=\"section\" data-settings=\"{&quot;stretch_section&quot;:&quot;section-stretched&quot;}\">\n\t\t\t\t\t\t<div class=\"elementor-container elementor-column-gap-no\">\n\t\t\t\t\t<div class=\"elementor-column elementor-col-100 elementor-top-column elementor-element elementor-element-62ea9ec\" data-id=\"62ea9ec\" data-element_type=\"column\">\n\t\t\t<div class=\"elementor-widget-wrap elementor-element-populated\">\n\t\t\t\t\t\t<div class=\"elementor-element elementor-element-e160f09 elementor-widget elementor-widget-text-editor\" data-id=\"e160f09\" data-element_type=\"widget\" data-widget_type=\"text-editor.default\">\n\t\t\t\t<div class=\"elementor-widget-container\">\n\t\t\t\t\t\t\t\t\t<h3>Adresse:<\/h3><p>Hotel-Restaurant Joopi<br \/>Wiesenstrasse 17<br \/>3998 Reckingen<br \/>041 (0)27 974 15 50<\/p><h3>Rechtsformz<\/h3><p>Aktiengesellschaft (AG)<\/p><h3>Gesch\u00e4ftsf\u00fchrerIn:<\/h3><p>Xenia Simeon<\/p><h3>Handelsregisternummer:<\/h3><p>CH-600.3.018.763-9<\/p><h3>Mehrwertsteuernummer (UID):<\/h3><p>CHE-224.880.020<\/p><h3>Bankinformationen:<\/h3><p>Bankname: Raiffeisen Aletsch-Goms<\/p><p>Bankadresse: Furkastrasse 469, 3998 Reckingen<\/p><p>SWIFT-Code: RAIFCH22XXX<\/p><h3>CHF-Konto:<\/h3><p>Konto-Nr.: CH95 8080 80002 8557 8393 0<\/p><h3>Hinweis auf die Online-Streitbeilgeung in der Europ\u00e4ischen Union (nur f\u00fcr verbraucher mit Wohnsitz in der EU)<\/h3><p>Die Europ\u00e4ische Kommission stellt eine Plattform zur Online-Streitbeilegung unter https:\/\/ec.europa.eu\/consumers\/odr\/main\/index.cfm?event=main.home.show&amp;lng=DE (OS-Plattform) bereit.<\/p><p>Die Hotel Joopi nimmt an solchen Streitbeilegungsverfahren nicht teil.<\/p><h3>Haftungsauschluss<\/h3><p>Es wird keinerlei Gew\u00e4hr hinsichtlich der inhaltlichen Richtigkeit, Genauigkeit, Aktualit\u00e4t, Zuverl\u00e4ssigkeit und Vollst\u00e4ndigkeit der Informationen \u00fcbernommen.<\/p><p>Haftungsanspr\u00fcche wegen Sch\u00e4den materieller oder immaterieller Art, welche aus dem Zugriff oder der Nutzung bzw. Nichtnutzung der ver\u00f6ffentlichten Informationen, durch Missbrauch der Verbindung oder durch technische St\u00f6rungen entstanden sind, werden, soweit gesetzlich zul\u00e4ssig, ausgeschlossen.<\/p><h3>Externe Links<\/h3><p>Trotz sorgf\u00e4ltiger inhaltlicher Kontrolle \u00fcbernehmen wir keine Haftung f\u00fcr die Inhalte externer Links. F\u00fcr den Inhalt der verlinkten Seiten sind ausschliesslich deren Betreiberinnen und Betreiber verantwortlich.<\/p><h3>Copyright<\/h3><p>Die \u00dcbernahme und Nutzung der Texte, Bilder, Video, Darstellungen und Daten ist untersagt, es sei denn, die Hotel Joopi habe ihre Zustimmung erteilt. Das Logo und die Farbkompositionen d\u00fcrfen nicht anderweitig eingesetzt werden.<\/p><h3>Uhrheberrechte<\/h3><p>Die Urheber- und alle anderen Rechte an Inhalten, Bildern, Videos, Fotos oder anderen Dateien auf der Website geh\u00f6ren ausschliesslich der Hotel Joopi oder den speziell genannten Rechtsinhabern. F\u00fcr die Reproduktion jeglicher Elemente ist die schriftliche Zustimmung der Urheberrechtstr\u00e4ger im Voraus einzuholen.<\/p><h3>Datenschutz und weitere Regelungen<\/h3><p>F\u00fcr die Sicherheit der Daten\u00fcbertragung im Internet k\u00f6nnen wir keine Gew\u00e4hr \u00fcbernehmen, insbesondere besteht bei der \u00dcbertragung von Daten per E-Mail die Gefahr des Zugriffs durch Dritte.<\/p><p>Einer Nutzung der im Impressum ver\u00f6ffentlichten Kontaktdaten durch Dritte zu Werbezwecken wird hiermit ausdr\u00fccklich widersprochen. Der Betreiber beh\u00e4lt sich f\u00fcr den Fall unverlangt zugesandter Werbe- oder Informationsmaterialien ausdr\u00fccklich rechtliche Schritte vor.<\/p><p>Sollten einzelne Regelungen oder Formulierungen dieses Haftungsausschlusses unwirksam sein oder werden, bleiben die \u00fcbrigen Regelungen in ihrem Inhalt und ihrer G\u00fcltigkeit hiervon unber\u00fchrt.<\/p>\t\t\t\t\t\t\t\t<\/div>\n\t\t\t\t<\/div>\n\t\t\t\t\t<\/div>\n\t\t<\/div>\n\t\t\t\t\t<\/div>\n\t\t<\/section>\n\t\t\t\t<\/div>","protected":false},"excerpt":{"rendered":"<p>Impressum Adresse: Hotel-Restaurant JoopiWiesenstrasse 173998 Reckingen041 (0)27 974 15 50 Rechtsformz Aktiengesellschaft (AG) Gesch\u00e4ftsf\u00fchrerIn: Xenia Simeon Handelsregisternummer: CH-600.3.018.763-9 Mehrwertsteuernummer (UID): [&hellip;]<\/p>","protected":false},"author":3,"featured_media":0,"parent":0,"menu_order":0,"comment_status":"closed","ping_status":"closed","template":"elementor_header_footer","meta":{"site-sidebar-layout":"no-sidebar","site-content-layout":"","ast-site-content-layout":"full-width-container","site-content-style":"default","site-sidebar-style":"default","ast-global-header-display":"","ast-banner-title-visibility":"","ast-main-header-display":"","ast-hfb-above-header-display":"","ast-hfb-below-header-display":"","ast-hfb-mobile-header-display":"","site-post-title":"disabled","ast-breadcrumbs-content":"","ast-featured-img":"disabled","footer-sml-layout":"","theme-transparent-header-meta":"","adv-header-id-meta":"","stick-header-meta":"","header-above-stick-meta":"","header-main-stick-meta":"","header-below-stick-meta":"","astra-migrate-meta-layouts":"default","ast-page-background-enabled":"default","ast-page-background-meta":{"desktop":{"background-color":"var(--ast-global-color-4)","background-image":"","background-repeat":"repeat","background-position":"center center","background-size":"auto","background-attachment":"scroll","background-type":"","background-media":"","overlay-type":"","overlay-color":"","overlay-opacity":"","overlay-gradient":""},"tablet":{"background-color":"","background-image":"","background-repeat":"repeat","background-position":"center center","background-size":"auto","background-attachment":"scroll","background-type":"","background-media":"","overlay-type":"","overlay-color":"","overlay-opacity":"","overlay-gradient":""},"mobile":{"background-color":"","background-image":"","background-repeat":"repeat","background-position":"center center","background-size":"auto","background-attachment":"scroll","background-type":"","background-media":"","overlay-type":"","overlay-color":"","overlay-opacity":"","overlay-gradient":""}},"ast-content-background-meta":{"desktop":{"background-color":"var(--ast-global-color-5)","background-image":"","background-repeat":"repeat","background-position":"center center","background-size":"auto","background-attachment":"scroll","background-type":"","background-media":"","overlay-type":"","overlay-color":"","overlay-opacity":"","overlay-gradient":""},"tablet":{"background-color":"var(--ast-global-color-5)","background-image":"","background-repeat":"repeat","background-position":"center center","background-size":"auto","background-attachment":"scroll","background-type":"","background-media":"","overlay-type":"","overlay-color":"","overlay-opacity":"","overlay-gradient":""},"mobile":{"background-color":"var(--ast-global-color-5)","background-image":"","background-repeat":"repeat","background-position":"center center","background-size":"auto","background-attachment":"scroll","background-type":"","background-media":"","overlay-type":"","overlay-color":"","overlay-opacity":"","overlay-gradient":""}},"footnotes":""},"class_list":["post-27","page","type-page","status-publish","hentry"],"_links":{"self":[{"href":"https:\/\/joopi.ch\/en\/wp-json\/wp\/v2\/pages\/27","targetHints":{"allow":["GET"]}}],"collection":[{"href":"https:\/\/joopi.ch\/en\/wp-json\/wp\/v2\/pages"}],"about":[{"href":"https:\/\/joopi.ch\/en\/wp-json\/wp\/v2\/types\/page"}],"author":[{"embeddable":true,"href":"https:\/\/joopi.ch\/en\/wp-json\/wp\/v2\/users\/3"}],"replies":[{"embeddable":true,"href":"https:\/\/joopi.ch\/en\/wp-json\/wp\/v2\/comments?post=27"}],"version-history":[{"count":26,"href":"https:\/\/joopi.ch\/en\/wp-json\/wp\/v2\/pages\/27\/revisions"}],"predecessor-version":[{"id":2638,"href":"https:\/\/joopi.ch\/en\/wp-json\/wp\/v2\/pages\/27\/revisions\/2638"}],"wp:attachment":[{"href":"https:\/\/joopi.ch\/en\/wp-json\/wp\/v2\/media?parent=27"}],"curies":[{"name":"wp","href":"https:\/\/api.w.org\/{rel}","templated":true}]}}